{"id":3609,"date":"2024-06-17T13:40:23","date_gmt":"2024-06-17T13:40:23","guid":{"rendered":"https:\/\/tgm.web4you.ai\/embalaje-logistico\/"},"modified":"2024-08-21T18:29:12","modified_gmt":"2024-08-21T18:29:12","slug":"embalaje-logistico","status":"publish","type":"page","link":"https:\/\/topgrademolds.com\/es\/mercados\/embalaje-logistico\/","title":{"rendered":"Embalaje log\u00edstico"},"content":{"rendered":"[vc_row type=\u00bbfull_width_content\u00bb full_screen_row_position=\u00bbmiddle\u00bb column_margin=\u00bb30px\u00bb column_direction=\u00bbdefault\u00bb column_direction_tablet=\u00bbdefault\u00bb column_direction_phone=\u00bbdefault\u00bb bg_color=\u00bb#213b4c\u00bb scene_position=\u00bbcenter\u00bb top_padding=\u00bb60&#8243; constrain_group_1=\u00bbyes\u00bb bottom_padding=\u00bb60&#8243; text_color=\u00bbdark\u00bb text_align=\u00bbleft\u00bb row_border_radius=\u00bbnone\u00bb row_border_radius_applies=\u00bbbg\u00bb overflow=\u00bbvisible\u00bb overlay_strength=\u00bb0.3&#8243; gradient_direction=\u00bbleft_to_right\u00bb shape_divider_position=\u00bbbottom\u00bb bg_image_animation=\u00bbnone\u00bb gradient_type=\u00bbdefault\u00bb shape_type=\u00bb\u00bb][vc_column column_padding=\u00bbno-extra-padding\u00bb column_padding_tablet=\u00bbinherit\u00bb column_padding_phone=\u00bbinherit\u00bb column_padding_position=\u00bball\u00bb column_element_direction_desktop=\u00bbdefault\u00bb column_element_spacing=\u00bb10px\u00bb desktop_text_alignment=\u00bbcenter\u00bb tablet_text_alignment=\u00bbdefault\u00bb phone_text_alignment=\u00bbdefault\u00bb background_color_opacity=\u00bb1&#8243; background_hover_color_opacity=\u00bb1&#8243; column_backdrop_filter=\u00bbnone\u00bb font_color=\u00bb#ffffff\u00bb column_shadow=\u00bbnone\u00bb column_border_radius=\u00bbnone\u00bb column_link_target=\u00bb_self\u00bb column_position=\u00bbdefault\u00bb gradient_direction=\u00bbleft_to_right\u00bb overlay_strength=\u00bb0.3&#8243; width=\u00bb1\/1&#8243; tablet_width_inherit=\u00bbdefault\u00bb animation_type=\u00bbdefault\u00bb bg_image_animation=\u00bbnone\u00bb border_type=\u00bbsimple\u00bb column_border_width=\u00bbnone\u00bb column_border_style=\u00bbsolid\u00bb column_padding_type=\u00bbdefault\u00bb gradient_type=\u00bbdefault\u00bb][vc_column_text text_direction=\u00bbdefault\u00bb]\n<h1>Embalaje log\u00edstico<\/h1>\n[\/vc_column_text][vc_column_text text_direction=\u00bbdefault\u00bb]<span><span><a href=\"https:\/\/topgrademolds.com\/es\/\">Home<\/a><\/span><\/span>[\/vc_column_text][\/vc_column][\/vc_row][vc_row type=\u00bbfull_width_background\u00bb full_screen_row_position=\u00bbmiddle\u00bb column_margin=\u00bbdefault\u00bb column_direction=\u00bbdefault\u00bb column_direction_tablet=\u00bbdefault\u00bb column_direction_phone=\u00bbdefault\u00bb bg_color=\u00bb#f6f6f6&#8243; scene_position=\u00bbcenter\u00bb top_padding=\u00bb80&#8243; constrain_group_1=\u00bbyes\u00bb bottom_padding=\u00bb80&#8243; top_padding_tablet=\u00bb60&#8243; constrain_group_3=\u00bbyes\u00bb bottom_padding_tablet=\u00bb60&#8243; top_padding_phone=\u00bb50&#8243; constrain_group_5=\u00bbyes\u00bb bottom_padding_phone=\u00bb50&#8243; text_color=\u00bbdark\u00bb text_align=\u00bbleft\u00bb row_border_radius=\u00bbnone\u00bb row_border_radius_applies=\u00bbbg\u00bb overflow=\u00bbvisible\u00bb overlay_strength=\u00bb0.3&#8243; gradient_direction=\u00bbleft_to_right\u00bb shape_divider_position=\u00bbbottom\u00bb bg_image_animation=\u00bbnone\u00bb gradient_type=\u00bbdefault\u00bb shape_type=\u00bb\u00bb][vc_column column_padding=\u00bbno-extra-padding\u00bb column_padding_tablet=\u00bbinherit\u00bb column_padding_phone=\u00bbinherit\u00bb column_padding_position=\u00bball\u00bb column_element_direction_desktop=\u00bbdefault\u00bb column_element_spacing=\u00bbdefault\u00bb desktop_text_alignment=\u00bbdefault\u00bb tablet_text_alignment=\u00bbdefault\u00bb phone_text_alignment=\u00bbdefault\u00bb background_color_opacity=\u00bb1&#8243; background_hover_color_opacity=\u00bb1&#8243; column_backdrop_filter=\u00bbnone\u00bb column_shadow=\u00bbnone\u00bb column_border_radius=\u00bbnone\u00bb column_link_target=\u00bb_self\u00bb column_position=\u00bbdefault\u00bb gradient_direction=\u00bbleft_to_right\u00bb overlay_strength=\u00bb0.3&#8243; width=\u00bb1\/1&#8243; tablet_width_inherit=\u00bbdefault\u00bb animation_type=\u00bbdefault\u00bb bg_image_animation=\u00bbnone\u00bb border_type=\u00bbsimple\u00bb column_border_width=\u00bbnone\u00bb column_border_style=\u00bbsolid\u00bb][vc_gallery type=\u00bbimage_grid\u00bb images=\u00bb2898,2897,2899,2900,2901&#8243; image_grid_loading=\u00bbdefault\u00bb layout=\u00bb3&#8243; item_spacing=\u00bbdefault\u00bb gallery_style=\u00bb5&#8243; load_in_animation=\u00bbnone\u00bb][\/vc_column][\/vc_row]\n","protected":false},"excerpt":{"rendered":"<p>[vc_row type=\u00bbfull_width_content\u00bb full_screen_row_position=\u00bbmiddle\u00bb column_margin=\u00bb30px\u00bb column_direction=\u00bbdefault\u00bb column_direction_tablet=\u00bbdefault\u00bb column_direction_phone=\u00bbdefault\u00bb bg_color=\u00bb#213b4c\u00bb scene_position=\u00bbcenter\u00bb top_padding=\u00bb60&#8243; constrain_group_1=\u00bbyes\u00bb bottom_padding=\u00bb60&#8243; text_color=\u00bbdark\u00bb text_align=\u00bbleft\u00bb row_border_radius=\u00bbnone\u00bb row_border_radius_applies=\u00bbbg\u00bb overflow=\u00bbvisible\u00bb overlay_strength=\u00bb0.3&#8243; gradient_direction=\u00bbleft_to_right\u00bb shape_divider_position=\u00bbbottom\u00bb bg_image_animation=\u00bbnone\u00bb gradient_type=\u00bbdefault\u00bb shape_type=\u00bb\u00bb][vc_column column_padding=\u00bbno-extra-padding\u00bb column_padding_tablet=\u00bbinherit\u00bb&#8230;<\/p>\n","protected":false},"author":2,"featured_media":3526,"parent":3633,"menu_order":17,"comment_status":"closed","ping_status":"closed","template":"","meta":{"_monsterinsights_skip_tracking":false,"_monsterinsights_sitenote_active":false,"_monsterinsights_sitenote_note":"","_monsterinsights_sitenote_category":0,"footnotes":""},"class_list":["post-3609","page","type-page","status-publish","has-post-thumbnail"],"yoast_head":"<!-- This site is optimized with the Yoast SEO plugin v23.4 - https:\/\/yoast.com\/wordpress\/plugins\/seo\/ -->\n<title>Embalaje log\u00edstico - Mercados atendidos por la TGM<\/title>\n<meta name=\"description\" content=\"Explora las soluciones de embalaje log\u00edstico de Top Grade Molds, dise\u00f1adas para transportar y almacenar mercanc\u00edas de forma eficaz y segura.\" \/>\n<meta name=\"robots\" content=\"index, follow, max-snippet:-1, max-image-preview:large, max-video-preview:-1\" \/>\n<link rel=\"canonical\" href=\"https:\/\/topgrademolds.com\/es\/mercados\/embalaje-logistico\/\" \/>\n<meta property=\"og:locale\" content=\"es_ES\" \/>\n<meta property=\"og:type\" content=\"article\" \/>\n<meta property=\"og:title\" content=\"Embalaje log\u00edstico - Mercados atendidos por la TGM\" \/>\n<meta property=\"og:description\" content=\"Explora las soluciones de embalaje log\u00edstico de Top Grade Molds, dise\u00f1adas para transportar y almacenar mercanc\u00edas de forma eficaz y segura.\" \/>\n<meta property=\"og:url\" content=\"https:\/\/topgrademolds.com\/es\/mercados\/embalaje-logistico\/\" \/>\n<meta property=\"og:site_name\" content=\"Top Grade Molds\" \/>\n<meta property=\"article:publisher\" content=\"https:\/\/www.facebook.com\/TopGradeMolds\/\" \/>\n<meta property=\"article:modified_time\" content=\"2024-08-21T18:29:12+00:00\" \/>\n<meta property=\"og:image\" content=\"https:\/\/topgrademolds.com\/wp-content\/uploads\/2024\/06\/Markets-Logistical-Packaging.webp\" \/>\n\t<meta property=\"og:image:width\" content=\"1000\" \/>\n\t<meta property=\"og:image:height\" content=\"800\" \/>\n\t<meta property=\"og:image:type\" content=\"image\/webp\" \/>\n<meta name=\"twitter:card\" content=\"summary_large_image\" \/>\n<meta name=\"twitter:label1\" content=\"Tiempo de lectura\" \/>\n\t<meta name=\"twitter:data1\" content=\"2 minutos\" \/>\n<script type=\"application\/ld+json\" class=\"yoast-schema-graph\">{\"@context\":\"https:\/\/schema.org\",\"@graph\":[{\"@type\":\"WebPage\",\"@id\":\"https:\/\/topgrademolds.com\/es\/mercados\/embalaje-logistico\/\",\"url\":\"https:\/\/topgrademolds.com\/es\/mercados\/embalaje-logistico\/\",\"name\":\"Embalaje log\u00edstico - Mercados atendidos por la TGM\",\"isPartOf\":{\"@id\":\"https:\/\/topgrademolds.com\/es\/#website\"},\"primaryImageOfPage\":{\"@id\":\"https:\/\/topgrademolds.com\/es\/mercados\/embalaje-logistico\/#primaryimage\"},\"image\":{\"@id\":\"https:\/\/topgrademolds.com\/es\/mercados\/embalaje-logistico\/#primaryimage\"},\"thumbnailUrl\":\"https:\/\/topgrademolds.com\/wp-content\/uploads\/2024\/06\/Markets-Logistical-Packaging.webp\",\"datePublished\":\"2024-06-17T13:40:23+00:00\",\"dateModified\":\"2024-08-21T18:29:12+00:00\",\"description\":\"Explora las soluciones de embalaje log\u00edstico de Top Grade Molds, dise\u00f1adas para transportar y almacenar mercanc\u00edas de forma eficaz y segura.\",\"breadcrumb\":{\"@id\":\"https:\/\/topgrademolds.com\/es\/mercados\/embalaje-logistico\/#breadcrumb\"},\"inLanguage\":\"es\",\"potentialAction\":[{\"@type\":\"ReadAction\",\"target\":[\"https:\/\/topgrademolds.com\/es\/mercados\/embalaje-logistico\/\"]}]},{\"@type\":\"ImageObject\",\"inLanguage\":\"es\",\"@id\":\"https:\/\/topgrademolds.com\/es\/mercados\/embalaje-logistico\/#primaryimage\",\"url\":\"https:\/\/topgrademolds.com\/wp-content\/uploads\/2024\/06\/Markets-Logistical-Packaging.webp\",\"contentUrl\":\"https:\/\/topgrademolds.com\/wp-content\/uploads\/2024\/06\/Markets-Logistical-Packaging.webp\",\"width\":1000,\"height\":800,\"caption\":\"Top Grade Molds presenta una gama de opciones de embalaje log\u00edstico duradero, ideal para un almacenamiento y transporte eficaces.\"},{\"@type\":\"BreadcrumbList\",\"@id\":\"https:\/\/topgrademolds.com\/es\/mercados\/embalaje-logistico\/#breadcrumb\",\"itemListElement\":[{\"@type\":\"ListItem\",\"position\":1,\"name\":\"Home\",\"item\":\"https:\/\/topgrademolds.com\/es\/\"},{\"@type\":\"ListItem\",\"position\":2,\"name\":\"Mercados\",\"item\":\"https:\/\/topgrademolds.com\/es\/mercados\/\"},{\"@type\":\"ListItem\",\"position\":3,\"name\":\"Embalaje log\u00edstico\"}]},{\"@type\":\"WebSite\",\"@id\":\"https:\/\/topgrademolds.com\/es\/#website\",\"url\":\"https:\/\/topgrademolds.com\/es\/\",\"name\":\"Top Grade Molds\",\"description\":\"Innovative solutions - manufactured to last\",\"publisher\":{\"@id\":\"https:\/\/topgrademolds.com\/es\/#organization\"},\"potentialAction\":[{\"@type\":\"SearchAction\",\"target\":{\"@type\":\"EntryPoint\",\"urlTemplate\":\"https:\/\/topgrademolds.com\/es\/?s={search_term_string}\"},\"query-input\":{\"@type\":\"PropertyValueSpecification\",\"valueRequired\":true,\"valueName\":\"search_term_string\"}}],\"inLanguage\":\"es\"},{\"@type\":\"Organization\",\"@id\":\"https:\/\/topgrademolds.com\/es\/#organization\",\"name\":\"Top Grade Molds\",\"url\":\"https:\/\/topgrademolds.com\/es\/\",\"logo\":{\"@type\":\"ImageObject\",\"inLanguage\":\"es\",\"@id\":\"https:\/\/topgrademolds.com\/es\/#\/schema\/logo\/image\/\",\"url\":\"https:\/\/topgrademolds.com\/wp-content\/uploads\/2024\/05\/TG-Logo.webp\",\"contentUrl\":\"https:\/\/topgrademolds.com\/wp-content\/uploads\/2024\/05\/TG-Logo.webp\",\"width\":672,\"height\":208,\"caption\":\"Top Grade Molds\"},\"image\":{\"@id\":\"https:\/\/topgrademolds.com\/es\/#\/schema\/logo\/image\/\"},\"sameAs\":[\"https:\/\/www.facebook.com\/TopGradeMolds\/\",\"https:\/\/www.linkedin.com\/company\/top-grade-molds-ltd-\/\",\"https:\/\/www.youtube.com\/@TopGradeMolds\"]}]}<\/script>\n<!-- \/ Yoast SEO plugin. -->","yoast_head_json":{"title":"Embalaje log\u00edstico - Mercados atendidos por la TGM","description":"Explora las soluciones de embalaje log\u00edstico de Top Grade Molds, dise\u00f1adas para transportar y almacenar mercanc\u00edas de forma eficaz y segura.","robots":{"index":"index","follow":"follow","max-snippet":"max-snippet:-1","max-image-preview":"max-image-preview:large","max-video-preview":"max-video-preview:-1"},"canonical":"https:\/\/topgrademolds.com\/es\/mercados\/embalaje-logistico\/","og_locale":"es_ES","og_type":"article","og_title":"Embalaje log\u00edstico - Mercados atendidos por la TGM","og_description":"Explora las soluciones de embalaje log\u00edstico de Top Grade Molds, dise\u00f1adas para transportar y almacenar mercanc\u00edas de forma eficaz y segura.","og_url":"https:\/\/topgrademolds.com\/es\/mercados\/embalaje-logistico\/","og_site_name":"Top Grade Molds","article_publisher":"https:\/\/www.facebook.com\/TopGradeMolds\/","article_modified_time":"2024-08-21T18:29:12+00:00","og_image":[{"width":1000,"height":800,"url":"https:\/\/topgrademolds.com\/wp-content\/uploads\/2024\/06\/Markets-Logistical-Packaging.webp","type":"image\/webp"}],"twitter_card":"summary_large_image","twitter_misc":{"Tiempo de lectura":"2 minutos"},"schema":{"@context":"https:\/\/schema.org","@graph":[{"@type":"WebPage","@id":"https:\/\/topgrademolds.com\/es\/mercados\/embalaje-logistico\/","url":"https:\/\/topgrademolds.com\/es\/mercados\/embalaje-logistico\/","name":"Embalaje log\u00edstico - Mercados atendidos por la TGM","isPartOf":{"@id":"https:\/\/topgrademolds.com\/es\/#website"},"primaryImageOfPage":{"@id":"https:\/\/topgrademolds.com\/es\/mercados\/embalaje-logistico\/#primaryimage"},"image":{"@id":"https:\/\/topgrademolds.com\/es\/mercados\/embalaje-logistico\/#primaryimage"},"thumbnailUrl":"https:\/\/topgrademolds.com\/wp-content\/uploads\/2024\/06\/Markets-Logistical-Packaging.webp","datePublished":"2024-06-17T13:40:23+00:00","dateModified":"2024-08-21T18:29:12+00:00","description":"Explora las soluciones de embalaje log\u00edstico de Top Grade Molds, dise\u00f1adas para transportar y almacenar mercanc\u00edas de forma eficaz y segura.","breadcrumb":{"@id":"https:\/\/topgrademolds.com\/es\/mercados\/embalaje-logistico\/#breadcrumb"},"inLanguage":"es","potentialAction":[{"@type":"ReadAction","target":["https:\/\/topgrademolds.com\/es\/mercados\/embalaje-logistico\/"]}]},{"@type":"ImageObject","inLanguage":"es","@id":"https:\/\/topgrademolds.com\/es\/mercados\/embalaje-logistico\/#primaryimage","url":"https:\/\/topgrademolds.com\/wp-content\/uploads\/2024\/06\/Markets-Logistical-Packaging.webp","contentUrl":"https:\/\/topgrademolds.com\/wp-content\/uploads\/2024\/06\/Markets-Logistical-Packaging.webp","width":1000,"height":800,"caption":"Top Grade Molds presenta una gama de opciones de embalaje log\u00edstico duradero, ideal para un almacenamiento y transporte eficaces."},{"@type":"BreadcrumbList","@id":"https:\/\/topgrademolds.com\/es\/mercados\/embalaje-logistico\/#breadcrumb","itemListElement":[{"@type":"ListItem","position":1,"name":"Home","item":"https:\/\/topgrademolds.com\/es\/"},{"@type":"ListItem","position":2,"name":"Mercados","item":"https:\/\/topgrademolds.com\/es\/mercados\/"},{"@type":"ListItem","position":3,"name":"Embalaje log\u00edstico"}]},{"@type":"WebSite","@id":"https:\/\/topgrademolds.com\/es\/#website","url":"https:\/\/topgrademolds.com\/es\/","name":"Top Grade Molds","description":"Innovative solutions - manufactured to last","publisher":{"@id":"https:\/\/topgrademolds.com\/es\/#organization"},"potentialAction":[{"@type":"SearchAction","target":{"@type":"EntryPoint","urlTemplate":"https:\/\/topgrademolds.com\/es\/?s={search_term_string}"},"query-input":{"@type":"PropertyValueSpecification","valueRequired":true,"valueName":"search_term_string"}}],"inLanguage":"es"},{"@type":"Organization","@id":"https:\/\/topgrademolds.com\/es\/#organization","name":"Top Grade Molds","url":"https:\/\/topgrademolds.com\/es\/","logo":{"@type":"ImageObject","inLanguage":"es","@id":"https:\/\/topgrademolds.com\/es\/#\/schema\/logo\/image\/","url":"https:\/\/topgrademolds.com\/wp-content\/uploads\/2024\/05\/TG-Logo.webp","contentUrl":"https:\/\/topgrademolds.com\/wp-content\/uploads\/2024\/05\/TG-Logo.webp","width":672,"height":208,"caption":"Top Grade Molds"},"image":{"@id":"https:\/\/topgrademolds.com\/es\/#\/schema\/logo\/image\/"},"sameAs":["https:\/\/www.facebook.com\/TopGradeMolds\/","https:\/\/www.linkedin.com\/company\/top-grade-molds-ltd-\/","https:\/\/www.youtube.com\/@TopGradeMolds"]}]}},"_links":{"self":[{"href":"https:\/\/topgrademolds.com\/es\/wp-json\/wp\/v2\/pages\/3609"}],"collection":[{"href":"https:\/\/topgrademolds.com\/es\/wp-json\/wp\/v2\/pages"}],"about":[{"href":"https:\/\/topgrademolds.com\/es\/wp-json\/wp\/v2\/types\/page"}],"author":[{"embeddable":true,"href":"https:\/\/topgrademolds.com\/es\/wp-json\/wp\/v2\/users\/2"}],"replies":[{"embeddable":true,"href":"https:\/\/topgrademolds.com\/es\/wp-json\/wp\/v2\/comments?post=3609"}],"version-history":[{"count":2,"href":"https:\/\/topgrademolds.com\/es\/wp-json\/wp\/v2\/pages\/3609\/revisions"}],"predecessor-version":[{"id":3613,"href":"https:\/\/topgrademolds.com\/es\/wp-json\/wp\/v2\/pages\/3609\/revisions\/3613"}],"up":[{"embeddable":true,"href":"https:\/\/topgrademolds.com\/es\/wp-json\/wp\/v2\/pages\/3633"}],"wp:featuredmedia":[{"embeddable":true,"href":"https:\/\/topgrademolds.com\/es\/wp-json\/wp\/v2\/media\/3526"}],"wp:attachment":[{"href":"https:\/\/topgrademolds.com\/es\/wp-json\/wp\/v2\/media?parent=3609"}],"curies":[{"name":"wp","href":"https:\/\/api.w.org\/{rel}","templated":true}]}}