{"id":3621,"date":"2024-05-23T18:57:22","date_gmt":"2024-05-23T18:57:22","guid":{"rendered":"https:\/\/tgm.web4you.ai\/empleo\/"},"modified":"2024-08-21T19:41:31","modified_gmt":"2024-08-21T19:41:31","slug":"empleo","status":"publish","type":"page","link":"https:\/\/topgrademolds.com\/es\/empleo\/","title":{"rendered":"Empleo"},"content":{"rendered":"[vc_row type=\u00bbfull_width_content\u00bb full_screen_row_position=\u00bbmiddle\u00bb column_margin=\u00bb30px\u00bb column_direction=\u00bbdefault\u00bb column_direction_tablet=\u00bbdefault\u00bb column_direction_phone=\u00bbdefault\u00bb bg_color=\u00bb#213b4c\u00bb scene_position=\u00bbcenter\u00bb top_padding=\u00bb60&#8243; constrain_group_1=\u00bbyes\u00bb bottom_padding=\u00bb60&#8243; text_color=\u00bbdark\u00bb text_align=\u00bbleft\u00bb row_border_radius=\u00bbnone\u00bb row_border_radius_applies=\u00bbbg\u00bb overflow=\u00bbvisible\u00bb overlay_strength=\u00bb0.3&#8243; gradient_direction=\u00bbleft_to_right\u00bb shape_divider_position=\u00bbbottom\u00bb bg_image_animation=\u00bbnone\u00bb gradient_type=\u00bbdefault\u00bb shape_type=\u00bb\u00bb][vc_column column_padding=\u00bbno-extra-padding\u00bb column_padding_tablet=\u00bbinherit\u00bb column_padding_phone=\u00bbinherit\u00bb column_padding_position=\u00bball\u00bb column_element_direction_desktop=\u00bbdefault\u00bb column_element_spacing=\u00bb10px\u00bb desktop_text_alignment=\u00bbcenter\u00bb tablet_text_alignment=\u00bbdefault\u00bb phone_text_alignment=\u00bbdefault\u00bb background_color_opacity=\u00bb1&#8243; background_hover_color_opacity=\u00bb1&#8243; column_backdrop_filter=\u00bbnone\u00bb font_color=\u00bb#ffffff\u00bb column_shadow=\u00bbnone\u00bb column_border_radius=\u00bbnone\u00bb column_link_target=\u00bb_self\u00bb column_position=\u00bbdefault\u00bb gradient_direction=\u00bbleft_to_right\u00bb overlay_strength=\u00bb0.3&#8243; width=\u00bb1\/1&#8243; tablet_width_inherit=\u00bbdefault\u00bb animation_type=\u00bbdefault\u00bb bg_image_animation=\u00bbnone\u00bb border_type=\u00bbsimple\u00bb column_border_width=\u00bbnone\u00bb column_border_style=\u00bbsolid\u00bb column_padding_type=\u00bbdefault\u00bb gradient_type=\u00bbdefault\u00bb][vc_column_text text_direction=\u00bbdefault\u00bb]\n<h1>\u00danete a nuestro equipo<\/h1>\n[\/vc_column_text][vc_column_text text_direction=\u00bbdefault\u00bb]<span><span><a href=\"https:\/\/topgrademolds.com\/es\/\">Home<\/a><\/span><\/span>[\/vc_column_text][\/vc_column][\/vc_row][vc_row type=\u00bbin_container\u00bb full_screen_row_position=\u00bbmiddle\u00bb column_margin=\u00bbdefault\u00bb column_direction=\u00bbdefault\u00bb column_direction_tablet=\u00bbdefault\u00bb column_direction_phone=\u00bbdefault\u00bb scene_position=\u00bbcenter\u00bb top_padding=\u00bb80&#8243; constrain_group_1=\u00bbyes\u00bb bottom_padding=\u00bb80&#8243; top_padding_tablet=\u00bb60&#8243; constrain_group_3=\u00bbyes\u00bb bottom_padding_tablet=\u00bb60&#8243; top_padding_phone=\u00bb40&#8243; constrain_group_5=\u00bbyes\u00bb bottom_padding_phone=\u00bb40&#8243; text_color=\u00bbdark\u00bb text_align=\u00bbleft\u00bb row_border_radius=\u00bbnone\u00bb row_border_radius_applies=\u00bbbg\u00bb overflow=\u00bbvisible\u00bb overlay_strength=\u00bb0.3&#8243; gradient_direction=\u00bbleft_to_right\u00bb shape_divider_position=\u00bbbottom\u00bb bg_image_animation=\u00bbnone\u00bb gradient_type=\u00bbdefault\u00bb shape_type=\u00bb\u00bb][vc_column column_padding=\u00bbno-extra-padding\u00bb column_padding_tablet=\u00bbinherit\u00bb column_padding_phone=\u00bbinherit\u00bb column_padding_position=\u00bball\u00bb column_element_direction_desktop=\u00bbdefault\u00bb column_element_spacing=\u00bbdefault\u00bb desktop_text_alignment=\u00bbdefault\u00bb tablet_text_alignment=\u00bbdefault\u00bb phone_text_alignment=\u00bbdefault\u00bb background_color_opacity=\u00bb1&#8243; background_hover_color_opacity=\u00bb1&#8243; column_backdrop_filter=\u00bbnone\u00bb column_shadow=\u00bbnone\u00bb column_border_radius=\u00bbnone\u00bb column_link_target=\u00bb_self\u00bb column_position=\u00bbdefault\u00bb gradient_direction=\u00bbleft_to_right\u00bb overlay_strength=\u00bb0.3&#8243; width=\u00bb1\/1&#8243; tablet_width_inherit=\u00bbdefault\u00bb animation_type=\u00bbdefault\u00bb bg_image_animation=\u00bbnone\u00bb border_type=\u00bbsimple\u00bb column_border_width=\u00bbnone\u00bb column_border_style=\u00bbsolid\u00bb][vc_column_text]\t<div class=\"awsm-job-wrap awsm-job-form-plugin-style\">\n\n\t\t<div class=\"awsm-filter-wrap awsm-no-search-filter-wrap\"><form action=\"https:\/\/topgrademolds.com\/wp-admin\/admin-ajax.php\" method=\"POST\"><a href=\"#\" class=\"awsm-filter-toggle\" role=\"button\" aria-pressed=\"false\"><span class=\"awsm-filter-toggle-text-wrapper\">Filtrar por<\/span><svg width=\"100\" height=\"100\" viewBox=\"0 0 100 100\" xmlns=\"http:\/\/www.w3.org\/2000\/svg\" version=\"1.1\" preserveAspectRatio=\"xMinYMin\"><path xmlns=\"http:\/\/www.w3.org\/2000\/svg\" fill=\"rgb(9.803922%,9.803922%,9.803922%)\" d=\"M 36.417969 19.9375 L 36.417969 17.265625 C 36.417969 16.160156 35.523438 15.265625 34.417969 15.265625 L 21.578125 15.265625 C 20.476562 15.265625 19.578125 16.160156 19.578125 17.265625 L 19.578125 19.9375 L 11 19.9375 L 11 26.9375 L 19.578125 26.9375 L 19.578125 30.105469 C 19.578125 31.210938 20.476562 32.105469 21.578125 32.105469 L 34.417969 32.105469 C 35.523438 32.105469 36.417969 31.210938 36.417969 30.105469 L 36.417969 26.9375 L 89 26.9375 L 89 19.9375 Z M 58.421875 43.578125 C 58.421875 42.476562 57.527344 41.578125 56.421875 41.578125 L 43.582031 41.578125 C 42.480469 41.578125 41.582031 42.476562 41.582031 43.578125 L 41.582031 46.5 L 11 46.5 L 11 53.5 L 41.582031 53.5 L 41.582031 56.421875 C 41.582031 57.527344 42.480469 58.421875 43.582031 58.421875 L 56.421875 58.421875 C 57.527344 58.421875 58.421875 57.527344 58.421875 56.421875 L 58.421875 53.5 L 89 53.5 L 89 46.5 L 58.421875 46.5 Z M 80.417969 70.140625 C 80.417969 69.035156 79.523438 68.140625 78.417969 68.140625 L 65.578125 68.140625 C 64.476562 68.140625 63.578125 69.035156 63.578125 70.140625 L 63.578125 73.0625 L 11 73.0625 L 11 80.0625 L 63.578125 80.0625 L 63.578125 82.984375 C 63.578125 84.085938 64.476562 84.984375 65.578125 84.984375 L 78.417969 84.984375 C 79.523438 84.984375 80.417969 84.085938 80.417969 82.984375 L 80.417969 80.0625 L 89 80.0625 L 89 73.0625 L 80.417969 73.0625 Z M 80.417969 70.140625\"\/><\/svg><\/a><div class=\"awsm-filter-items\"><div class=\"awsm-filter-item\" data-filter=\"job__category_spec\"><label for=\"awsm-job-category-filter-option-1\" class=\"awsm-sr-only\">Todos Categor\u00eda laboral<\/label><select name=\"awsm_job_spec[job-category]\" class=\"awsm-filter-option awsm-job-category-filter-option\" id=\"awsm-job-category-filter-option-1\" aria-label=\"Todos Categor\u00eda laboral\"><option value=\"\">Todos Categor\u00eda laboral<\/option><option value=\"99\" data-slug=\"maquinista-cnc\">Maquinista CNC<\/option><option value=\"96\" data-slug=\"montador-de-moldes\">Montador de moldes<\/option><option value=\"100\" data-slug=\"pulidor-de-moldes\">Pulidor de moldes<\/option><option value=\"102\" data-slug=\"rectificado\">Rectificado<\/option><option value=\"101\" data-slug=\"tecnico-de-moldeo-por-inyeccion\">T\u00e9cnico de moldeo por inyecci\u00f3n<\/option><\/select><\/div><div class=\"awsm-filter-item\" data-filter=\"job__type_spec\"><label for=\"awsm-job-type-filter-option-1\" class=\"awsm-sr-only\">Todos Tipo de empleo<\/label><select name=\"awsm_job_spec[job-type]\" class=\"awsm-filter-option awsm-job-type-filter-option\" id=\"awsm-job-type-filter-option-1\" aria-label=\"Todos Tipo de empleo\"><option value=\"\">Todos Tipo de empleo<\/option><option value=\"95\" data-slug=\"a-tiempo-completo\">A tiempo completo<\/option><\/select><\/div><div class=\"awsm-filter-item\" data-filter=\"job__location_spec\"><label for=\"awsm-job-location-filter-option-1\" class=\"awsm-sr-only\">Todos Lugar de trabajo<\/label><select name=\"awsm_job_spec[job-location]\" class=\"awsm-filter-option awsm-job-location-filter-option\" id=\"awsm-job-location-filter-option-1\" aria-label=\"Todos Lugar de trabajo\"><option value=\"\">Todos Lugar de trabajo<\/option><option value=\"98\" data-slug=\"moldes-de-primera-calidad\">Moldes de primera calidad<\/option><option value=\"97\" data-slug=\"moldes-de-primera-calidad-tg-tech-center\">Moldes de primera calidad - TG Tech Center<\/option><\/select><\/div><\/div><input type=\"hidden\" name=\"lang\" value=\"es\"><input type=\"hidden\" name=\"awsm_pagination_base\" value=\"https:\/\/topgrademolds.com\/es\/wp-json\/wp\/v2\/pages\/3621\/\"><input type=\"hidden\" name=\"paged\" value=\"1\"><input type=\"hidden\" name=\"action\" value=\"jobfilter\"><\/form><\/div>\n\t\t<div class=\"awsm-job-listings awsm-row awsm-grid-col-3\" data-listings=\"10\" data-lang=\"es\">\n\t\t\t<div class=\"awsm-job-listing-item awsm-grid-item\" id=\"awsm-grid-item-3723\">\t\t<a href=\"https:\/\/topgrademolds.com\/es\/puestos-de-trabajo\/maquinista-de-rectificado-cilindrico-y-superficial-cnc\/\" class=\"awsm-job-item\">\t\t\t<div class=\"awsm-grid-left-col\">\n\t\t\t\t\n\t\t\t\t\n\t\t\t\t<h2 class=\"awsm-job-post-title\">\n\t\t\t\t\tMaquinista de rectificado cil\u00edndrico y superficial CNC\t\t\t\t<\/h2>\n\n\t\t\t\t\t\t\t<\/div>\n\n\t\t\t<div class=\"awsm-grid-right-col\">\n\t\t\t\t<div class=\"awsm-job-specification-wrapper\"><div class=\"awsm-job-specification-item awsm-job-specification-job-category\"><span class=\"awsm-job-specification-term\">Rectificado<\/span> <\/div><div class=\"awsm-job-specification-item awsm-job-specification-job-location\"><span class=\"awsm-job-specification-term\">Moldes de primera calidad<\/span> <\/div><\/div><div class=\"awsm-job-more-container\"><span class=\"awsm-job-more\">M\u00e1s detalles <span><\/span><\/span><\/div>\t\t\t<\/div>\n\t\t<\/a>\t<\/div><div class=\"awsm-job-listing-item awsm-grid-item\" id=\"awsm-grid-item-3722\">\t\t<a href=\"https:\/\/topgrademolds.com\/es\/puestos-de-trabajo\/tecnico-de-procesos-de-moldes-de-inyeccion\/\" class=\"awsm-job-item\">\t\t\t<div class=\"awsm-grid-left-col\">\n\t\t\t\t\n\t\t\t\t\n\t\t\t\t<h2 class=\"awsm-job-post-title\">\n\t\t\t\t\tT\u00e9cnico de procesos de moldes de inyecci\u00f3n\t\t\t\t<\/h2>\n\n\t\t\t\t\t\t\t<\/div>\n\n\t\t\t<div class=\"awsm-grid-right-col\">\n\t\t\t\t<div class=\"awsm-job-specification-wrapper\"><div class=\"awsm-job-specification-item awsm-job-specification-job-category\"><span class=\"awsm-job-specification-term\">T\u00e9cnico de moldeo por inyecci\u00f3n<\/span> <\/div><div class=\"awsm-job-specification-item awsm-job-specification-job-location\"><span class=\"awsm-job-specification-term\">Moldes de primera calidad - TG Tech Center<\/span> <\/div><\/div><div class=\"awsm-job-more-container\"><span class=\"awsm-job-more\">M\u00e1s detalles <span><\/span><\/span><\/div>\t\t\t<\/div>\n\t\t<\/a>\t<\/div><div class=\"awsm-job-listing-item awsm-grid-item\" id=\"awsm-grid-item-3721\">\t\t<a href=\"https:\/\/topgrademolds.com\/es\/puestos-de-trabajo\/pulidor-de-moldes\/\" class=\"awsm-job-item\">\t\t\t<div class=\"awsm-grid-left-col\">\n\t\t\t\t\n\t\t\t\t\n\t\t\t\t<h2 class=\"awsm-job-post-title\">\n\t\t\t\t\tPulidor de moldes\t\t\t\t<\/h2>\n\n\t\t\t\t\t\t\t<\/div>\n\n\t\t\t<div class=\"awsm-grid-right-col\">\n\t\t\t\t<div class=\"awsm-job-specification-wrapper\"><div class=\"awsm-job-specification-item awsm-job-specification-job-category\"><span class=\"awsm-job-specification-term\">Pulidor de moldes<\/span> <\/div><div class=\"awsm-job-specification-item awsm-job-specification-job-location\"><span class=\"awsm-job-specification-term\">Moldes de primera calidad - TG Tech Center<\/span> <\/div><\/div><div class=\"awsm-job-more-container\"><span class=\"awsm-job-more\">M\u00e1s detalles <span><\/span><\/span><\/div>\t\t\t<\/div>\n\t\t<\/a>\t<\/div><div class=\"awsm-job-listing-item awsm-grid-item\" id=\"awsm-grid-item-3720\">\t\t<a href=\"https:\/\/topgrademolds.com\/es\/puestos-de-trabajo\/maquinista-cnc\/\" class=\"awsm-job-item\">\t\t\t<div class=\"awsm-grid-left-col\">\n\t\t\t\t\n\t\t\t\t\n\t\t\t\t<h2 class=\"awsm-job-post-title\">\n\t\t\t\t\tMaquinista CNC\t\t\t\t<\/h2>\n\n\t\t\t\t\t\t\t<\/div>\n\n\t\t\t<div class=\"awsm-grid-right-col\">\n\t\t\t\t<div class=\"awsm-job-specification-wrapper\"><div class=\"awsm-job-specification-item awsm-job-specification-job-category\"><span class=\"awsm-job-specification-term\">Maquinista CNC<\/span> <\/div><div class=\"awsm-job-specification-item awsm-job-specification-job-location\"><span class=\"awsm-job-specification-term\">Moldes de primera calidad<\/span> <\/div><\/div><div class=\"awsm-job-more-container\"><span class=\"awsm-job-more\">M\u00e1s detalles <span><\/span><\/span><\/div>\t\t\t<\/div>\n\t\t<\/a>\t<\/div><div class=\"awsm-job-listing-item awsm-grid-item\" id=\"awsm-grid-item-3719\">\t\t<a href=\"https:\/\/topgrademolds.com\/es\/puestos-de-trabajo\/montador-de-moldes\/\" class=\"awsm-job-item\">\t\t\t<div class=\"awsm-grid-left-col\">\n\t\t\t\t\n\t\t\t\t\n\t\t\t\t<h2 class=\"awsm-job-post-title\">\n\t\t\t\t\tMontador de moldes\t\t\t\t<\/h2>\n\n\t\t\t\t\t\t\t<\/div>\n\n\t\t\t<div class=\"awsm-grid-right-col\">\n\t\t\t\t<div class=\"awsm-job-specification-wrapper\"><div class=\"awsm-job-specification-item awsm-job-specification-job-category\"><span class=\"awsm-job-specification-term\">Montador de moldes<\/span> <\/div><div class=\"awsm-job-specification-item awsm-job-specification-job-location\"><span class=\"awsm-job-specification-term\">Moldes de primera calidad - TG Tech Center<\/span> <\/div><\/div><div class=\"awsm-job-more-container\"><span class=\"awsm-job-more\">M\u00e1s detalles <span><\/span><\/span><\/div>\t\t\t<\/div>\n\t\t<\/a>\t<\/div>\t\t<\/div>\n\n\t<\/div>\n\t[\/vc_column_text][\/vc_column][\/vc_row]\n","protected":false},"excerpt":{"rendered":"<p>[vc_row type=\u00bbfull_width_content\u00bb full_screen_row_position=\u00bbmiddle\u00bb column_margin=\u00bb30px\u00bb column_direction=\u00bbdefault\u00bb column_direction_tablet=\u00bbdefault\u00bb column_direction_phone=\u00bbdefault\u00bb bg_color=\u00bb#213b4c\u00bb scene_position=\u00bbcenter\u00bb top_padding=\u00bb60&#8243; constrain_group_1=\u00bbyes\u00bb bottom_padding=\u00bb60&#8243; text_color=\u00bbdark\u00bb text_align=\u00bbleft\u00bb row_border_radius=\u00bbnone\u00bb row_border_radius_applies=\u00bbbg\u00bb overflow=\u00bbvisible\u00bb overlay_strength=\u00bb0.3&#8243; gradient_direction=\u00bbleft_to_right\u00bb shape_divider_position=\u00bbbottom\u00bb bg_image_animation=\u00bbnone\u00bb gradient_type=\u00bbdefault\u00bb shape_type=\u00bb\u00bb][vc_column column_padding=\u00bbno-extra-padding\u00bb column_padding_tablet=\u00bbinherit\u00bb&#8230;<\/p>\n","protected":false},"author":2,"featured_media":3496,"parent":0,"menu_order":9,"comment_status":"closed","ping_status":"closed","template":"","meta":{"_monsterinsights_skip_tracking":false,"_monsterinsights_sitenote_active":false,"_monsterinsights_sitenote_note":"","_monsterinsights_sitenote_category":0,"footnotes":""},"class_list":["post-3621","page","type-page","status-publish","has-post-thumbnail"],"yoast_head":"<!-- This site is optimized with the Yoast SEO plugin v23.4 - https:\/\/yoast.com\/wordpress\/plugins\/seo\/ -->\n<title>Empleo en Top Grade Molds<\/title>\n<meta name=\"description\" content=\"\u00danete a Top Grade Molds y avanza en tu carrera en la fabricaci\u00f3n de moldes. Explora las ofertas de empleo y forma parte de un equipo l\u00edder en el sector.\" \/>\n<meta name=\"robots\" content=\"index, follow, max-snippet:-1, max-image-preview:large, max-video-preview:-1\" \/>\n<link rel=\"canonical\" href=\"https:\/\/topgrademolds.com\/es\/empleo\/\" \/>\n<meta property=\"og:locale\" content=\"es_ES\" \/>\n<meta property=\"og:type\" content=\"article\" \/>\n<meta property=\"og:title\" content=\"Empleo en Top Grade Molds\" \/>\n<meta property=\"og:description\" content=\"\u00danete a Top Grade Molds y avanza en tu carrera en la fabricaci\u00f3n de moldes. Explora las ofertas de empleo y forma parte de un equipo l\u00edder en el sector.\" \/>\n<meta property=\"og:url\" content=\"https:\/\/topgrademolds.com\/es\/empleo\/\" \/>\n<meta property=\"og:site_name\" content=\"Top Grade Molds\" \/>\n<meta property=\"article:publisher\" content=\"https:\/\/www.facebook.com\/TopGradeMolds\/\" \/>\n<meta property=\"article:modified_time\" content=\"2024-08-21T19:41:31+00:00\" \/>\n<meta property=\"og:image\" content=\"https:\/\/topgrademolds.com\/wp-content\/uploads\/2024\/06\/TGM-Hero-Image-scaled.webp\" \/>\n\t<meta property=\"og:image:width\" content=\"2560\" \/>\n\t<meta property=\"og:image:height\" content=\"807\" \/>\n\t<meta property=\"og:image:type\" content=\"image\/webp\" \/>\n<meta name=\"twitter:card\" content=\"summary_large_image\" \/>\n<meta name=\"twitter:label1\" content=\"Tiempo de lectura\" \/>\n\t<meta name=\"twitter:data1\" content=\"2 minutos\" \/>\n<script type=\"application\/ld+json\" class=\"yoast-schema-graph\">{\"@context\":\"https:\/\/schema.org\",\"@graph\":[{\"@type\":\"WebPage\",\"@id\":\"https:\/\/topgrademolds.com\/es\/empleo\/\",\"url\":\"https:\/\/topgrademolds.com\/es\/empleo\/\",\"name\":\"Empleo en Top Grade Molds\",\"isPartOf\":{\"@id\":\"https:\/\/topgrademolds.com\/es\/#website\"},\"primaryImageOfPage\":{\"@id\":\"https:\/\/topgrademolds.com\/es\/empleo\/#primaryimage\"},\"image\":{\"@id\":\"https:\/\/topgrademolds.com\/es\/empleo\/#primaryimage\"},\"thumbnailUrl\":\"https:\/\/topgrademolds.com\/wp-content\/uploads\/2024\/06\/TGM-Hero-Image-scaled.webp\",\"datePublished\":\"2024-05-23T18:57:22+00:00\",\"dateModified\":\"2024-08-21T19:41:31+00:00\",\"description\":\"\u00danete a Top Grade Molds y avanza en tu carrera en la fabricaci\u00f3n de moldes. Explora las ofertas de empleo y forma parte de un equipo l\u00edder en el sector.\",\"breadcrumb\":{\"@id\":\"https:\/\/topgrademolds.com\/es\/empleo\/#breadcrumb\"},\"inLanguage\":\"es\",\"potentialAction\":[{\"@type\":\"ReadAction\",\"target\":[\"https:\/\/topgrademolds.com\/es\/empleo\/\"]}]},{\"@type\":\"ImageObject\",\"inLanguage\":\"es\",\"@id\":\"https:\/\/topgrademolds.com\/es\/empleo\/#primaryimage\",\"url\":\"https:\/\/topgrademolds.com\/wp-content\/uploads\/2024\/06\/TGM-Hero-Image-scaled.webp\",\"contentUrl\":\"https:\/\/topgrademolds.com\/wp-content\/uploads\/2024\/06\/TGM-Hero-Image-scaled.webp\",\"width\":2560,\"height\":807,\"caption\":\"Sistema de moldeo avanzado de Top Grade Molds.\"},{\"@type\":\"BreadcrumbList\",\"@id\":\"https:\/\/topgrademolds.com\/es\/empleo\/#breadcrumb\",\"itemListElement\":[{\"@type\":\"ListItem\",\"position\":1,\"name\":\"Home\",\"item\":\"https:\/\/topgrademolds.com\/es\/\"},{\"@type\":\"ListItem\",\"position\":2,\"name\":\"Empleo\"}]},{\"@type\":\"WebSite\",\"@id\":\"https:\/\/topgrademolds.com\/es\/#website\",\"url\":\"https:\/\/topgrademolds.com\/es\/\",\"name\":\"Top Grade Molds\",\"description\":\"Innovative solutions - manufactured to last\",\"publisher\":{\"@id\":\"https:\/\/topgrademolds.com\/es\/#organization\"},\"potentialAction\":[{\"@type\":\"SearchAction\",\"target\":{\"@type\":\"EntryPoint\",\"urlTemplate\":\"https:\/\/topgrademolds.com\/es\/?s={search_term_string}\"},\"query-input\":{\"@type\":\"PropertyValueSpecification\",\"valueRequired\":true,\"valueName\":\"search_term_string\"}}],\"inLanguage\":\"es\"},{\"@type\":\"Organization\",\"@id\":\"https:\/\/topgrademolds.com\/es\/#organization\",\"name\":\"Top Grade Molds\",\"url\":\"https:\/\/topgrademolds.com\/es\/\",\"logo\":{\"@type\":\"ImageObject\",\"inLanguage\":\"es\",\"@id\":\"https:\/\/topgrademolds.com\/es\/#\/schema\/logo\/image\/\",\"url\":\"https:\/\/topgrademolds.com\/wp-content\/uploads\/2024\/05\/TG-Logo.webp\",\"contentUrl\":\"https:\/\/topgrademolds.com\/wp-content\/uploads\/2024\/05\/TG-Logo.webp\",\"width\":672,\"height\":208,\"caption\":\"Top Grade Molds\"},\"image\":{\"@id\":\"https:\/\/topgrademolds.com\/es\/#\/schema\/logo\/image\/\"},\"sameAs\":[\"https:\/\/www.facebook.com\/TopGradeMolds\/\",\"https:\/\/www.linkedin.com\/company\/top-grade-molds-ltd-\/\",\"https:\/\/www.youtube.com\/@TopGradeMolds\"]}]}<\/script>\n<!-- \/ Yoast SEO plugin. -->","yoast_head_json":{"title":"Empleo en Top Grade Molds","description":"\u00danete a Top Grade Molds y avanza en tu carrera en la fabricaci\u00f3n de moldes. Explora las ofertas de empleo y forma parte de un equipo l\u00edder en el sector.","robots":{"index":"index","follow":"follow","max-snippet":"max-snippet:-1","max-image-preview":"max-image-preview:large","max-video-preview":"max-video-preview:-1"},"canonical":"https:\/\/topgrademolds.com\/es\/empleo\/","og_locale":"es_ES","og_type":"article","og_title":"Empleo en Top Grade Molds","og_description":"\u00danete a Top Grade Molds y avanza en tu carrera en la fabricaci\u00f3n de moldes. Explora las ofertas de empleo y forma parte de un equipo l\u00edder en el sector.","og_url":"https:\/\/topgrademolds.com\/es\/empleo\/","og_site_name":"Top Grade Molds","article_publisher":"https:\/\/www.facebook.com\/TopGradeMolds\/","article_modified_time":"2024-08-21T19:41:31+00:00","og_image":[{"width":2560,"height":807,"url":"https:\/\/topgrademolds.com\/wp-content\/uploads\/2024\/06\/TGM-Hero-Image-scaled.webp","type":"image\/webp"}],"twitter_card":"summary_large_image","twitter_misc":{"Tiempo de lectura":"2 minutos"},"schema":{"@context":"https:\/\/schema.org","@graph":[{"@type":"WebPage","@id":"https:\/\/topgrademolds.com\/es\/empleo\/","url":"https:\/\/topgrademolds.com\/es\/empleo\/","name":"Empleo en Top Grade Molds","isPartOf":{"@id":"https:\/\/topgrademolds.com\/es\/#website"},"primaryImageOfPage":{"@id":"https:\/\/topgrademolds.com\/es\/empleo\/#primaryimage"},"image":{"@id":"https:\/\/topgrademolds.com\/es\/empleo\/#primaryimage"},"thumbnailUrl":"https:\/\/topgrademolds.com\/wp-content\/uploads\/2024\/06\/TGM-Hero-Image-scaled.webp","datePublished":"2024-05-23T18:57:22+00:00","dateModified":"2024-08-21T19:41:31+00:00","description":"\u00danete a Top Grade Molds y avanza en tu carrera en la fabricaci\u00f3n de moldes. Explora las ofertas de empleo y forma parte de un equipo l\u00edder en el sector.","breadcrumb":{"@id":"https:\/\/topgrademolds.com\/es\/empleo\/#breadcrumb"},"inLanguage":"es","potentialAction":[{"@type":"ReadAction","target":["https:\/\/topgrademolds.com\/es\/empleo\/"]}]},{"@type":"ImageObject","inLanguage":"es","@id":"https:\/\/topgrademolds.com\/es\/empleo\/#primaryimage","url":"https:\/\/topgrademolds.com\/wp-content\/uploads\/2024\/06\/TGM-Hero-Image-scaled.webp","contentUrl":"https:\/\/topgrademolds.com\/wp-content\/uploads\/2024\/06\/TGM-Hero-Image-scaled.webp","width":2560,"height":807,"caption":"Sistema de moldeo avanzado de Top Grade Molds."},{"@type":"BreadcrumbList","@id":"https:\/\/topgrademolds.com\/es\/empleo\/#breadcrumb","itemListElement":[{"@type":"ListItem","position":1,"name":"Home","item":"https:\/\/topgrademolds.com\/es\/"},{"@type":"ListItem","position":2,"name":"Empleo"}]},{"@type":"WebSite","@id":"https:\/\/topgrademolds.com\/es\/#website","url":"https:\/\/topgrademolds.com\/es\/","name":"Top Grade Molds","description":"Innovative solutions - manufactured to last","publisher":{"@id":"https:\/\/topgrademolds.com\/es\/#organization"},"potentialAction":[{"@type":"SearchAction","target":{"@type":"EntryPoint","urlTemplate":"https:\/\/topgrademolds.com\/es\/?s={search_term_string}"},"query-input":{"@type":"PropertyValueSpecification","valueRequired":true,"valueName":"search_term_string"}}],"inLanguage":"es"},{"@type":"Organization","@id":"https:\/\/topgrademolds.com\/es\/#organization","name":"Top Grade Molds","url":"https:\/\/topgrademolds.com\/es\/","logo":{"@type":"ImageObject","inLanguage":"es","@id":"https:\/\/topgrademolds.com\/es\/#\/schema\/logo\/image\/","url":"https:\/\/topgrademolds.com\/wp-content\/uploads\/2024\/05\/TG-Logo.webp","contentUrl":"https:\/\/topgrademolds.com\/wp-content\/uploads\/2024\/05\/TG-Logo.webp","width":672,"height":208,"caption":"Top Grade Molds"},"image":{"@id":"https:\/\/topgrademolds.com\/es\/#\/schema\/logo\/image\/"},"sameAs":["https:\/\/www.facebook.com\/TopGradeMolds\/","https:\/\/www.linkedin.com\/company\/top-grade-molds-ltd-\/","https:\/\/www.youtube.com\/@TopGradeMolds"]}]}},"_links":{"self":[{"href":"https:\/\/topgrademolds.com\/es\/wp-json\/wp\/v2\/pages\/3621"}],"collection":[{"href":"https:\/\/topgrademolds.com\/es\/wp-json\/wp\/v2\/pages"}],"about":[{"href":"https:\/\/topgrademolds.com\/es\/wp-json\/wp\/v2\/types\/page"}],"author":[{"embeddable":true,"href":"https:\/\/topgrademolds.com\/es\/wp-json\/wp\/v2\/users\/2"}],"replies":[{"embeddable":true,"href":"https:\/\/topgrademolds.com\/es\/wp-json\/wp\/v2\/comments?post=3621"}],"version-history":[{"count":14,"href":"https:\/\/topgrademolds.com\/es\/wp-json\/wp\/v2\/pages\/3621\/revisions"}],"predecessor-version":[{"id":3740,"href":"https:\/\/topgrademolds.com\/es\/wp-json\/wp\/v2\/pages\/3621\/revisions\/3740"}],"wp:featuredmedia":[{"embeddable":true,"href":"https:\/\/topgrademolds.com\/es\/wp-json\/wp\/v2\/media\/3496"}],"wp:attachment":[{"href":"https:\/\/topgrademolds.com\/es\/wp-json\/wp\/v2\/media?parent=3621"}],"curies":[{"name":"wp","href":"https:\/\/api.w.org\/{rel}","templated":true}]}}