{"id":3677,"date":"2019-12-16T12:49:12","date_gmt":"2019-12-16T12:49:12","guid":{"rendered":"https:\/\/tgm.web4you.ai\/pruebas-de-moho\/"},"modified":"2024-08-21T18:33:37","modified_gmt":"2024-08-21T18:33:37","slug":"pruebas-de-moho","status":"publish","type":"page","link":"https:\/\/topgrademolds.com\/es\/servicios\/pruebas-de-moho\/","title":{"rendered":"Pruebas de moho"},"content":{"rendered":"[vc_row type=\u00bbfull_width_content\u00bb full_screen_row_position=\u00bbmiddle\u00bb column_margin=\u00bb30px\u00bb column_direction=\u00bbdefault\u00bb column_direction_tablet=\u00bbdefault\u00bb column_direction_phone=\u00bbdefault\u00bb bg_color=\u00bb#213b4c\u00bb scene_position=\u00bbcenter\u00bb top_padding=\u00bb60&#8243; constrain_group_1=\u00bbyes\u00bb bottom_padding=\u00bb60&#8243; text_color=\u00bbdark\u00bb text_align=\u00bbleft\u00bb row_border_radius=\u00bbnone\u00bb row_border_radius_applies=\u00bbbg\u00bb overflow=\u00bbvisible\u00bb overlay_strength=\u00bb0.3&#8243; gradient_direction=\u00bbleft_to_right\u00bb shape_divider_position=\u00bbbottom\u00bb bg_image_animation=\u00bbnone\u00bb gradient_type=\u00bbdefault\u00bb shape_type=\u00bb\u00bb][vc_column column_padding=\u00bbno-extra-padding\u00bb column_padding_tablet=\u00bbinherit\u00bb column_padding_phone=\u00bbinherit\u00bb column_padding_position=\u00bball\u00bb column_element_direction_desktop=\u00bbdefault\u00bb column_element_spacing=\u00bb10px\u00bb desktop_text_alignment=\u00bbcenter\u00bb tablet_text_alignment=\u00bbdefault\u00bb phone_text_alignment=\u00bbdefault\u00bb background_color_opacity=\u00bb1&#8243; background_hover_color_opacity=\u00bb1&#8243; column_backdrop_filter=\u00bbnone\u00bb font_color=\u00bb#ffffff\u00bb column_shadow=\u00bbnone\u00bb column_border_radius=\u00bbnone\u00bb column_link_target=\u00bb_self\u00bb column_position=\u00bbdefault\u00bb gradient_direction=\u00bbleft_to_right\u00bb overlay_strength=\u00bb0.3&#8243; width=\u00bb1\/1&#8243; tablet_width_inherit=\u00bbdefault\u00bb animation_type=\u00bbdefault\u00bb bg_image_animation=\u00bbnone\u00bb border_type=\u00bbsimple\u00bb column_border_width=\u00bbnone\u00bb column_border_style=\u00bbsolid\u00bb column_padding_type=\u00bbdefault\u00bb gradient_type=\u00bbdefault\u00bb][vc_column_text text_direction=\u00bbdefault\u00bb]\n<h1>Pruebas de moho<\/h1>\n[\/vc_column_text][vc_column_text text_direction=\u00bbdefault\u00bb]<span><span><a href=\"https:\/\/topgrademolds.com\/es\/\">Home<\/a><\/span><\/span>[\/vc_column_text][\/vc_column][\/vc_row][vc_row type=\u00bbfull_width_background\u00bb full_screen_row_position=\u00bbmiddle\u00bb column_margin=\u00bb60px\u00bb equal_height=\u00bbyes\u00bb content_placement=\u00bbmiddle\u00bb column_direction=\u00bbdefault\u00bb column_direction_tablet=\u00bbcolumn_reverse\u00bb column_direction_phone=\u00bbcolumn_reverse\u00bb bg_color=\u00bb#f6f6f6&#8243; scene_position=\u00bbcenter\u00bb top_padding=\u00bb80&#8243; constrain_group_1=\u00bbyes\u00bb bottom_padding=\u00bb80&#8243; top_padding_tablet=\u00bb60&#8243; constrain_group_3=\u00bbyes\u00bb bottom_padding_tablet=\u00bb60&#8243; top_padding_phone=\u00bb50&#8243; constrain_group_5=\u00bbyes\u00bb bottom_padding_phone=\u00bb50&#8243; text_color=\u00bbdark\u00bb text_align=\u00bbleft\u00bb row_border_radius=\u00bbnone\u00bb row_border_radius_applies=\u00bbbg\u00bb overflow=\u00bbvisible\u00bb overlay_strength=\u00bb0.3&#8243; gradient_direction=\u00bbleft_to_right\u00bb shape_divider_position=\u00bbbottom\u00bb bg_image_animation=\u00bbnone\u00bb shape_type=\u00bb\u00bb gradient_type=\u00bbdefault\u00bb][vc_column column_padding=\u00bbno-extra-padding\u00bb column_padding_tablet=\u00bbinherit\u00bb column_padding_phone=\u00bbinherit\u00bb column_padding_position=\u00bbtop-bottom\u00bb column_element_direction_desktop=\u00bbdefault\u00bb column_element_spacing=\u00bbdefault\u00bb desktop_text_alignment=\u00bbdefault\u00bb tablet_text_alignment=\u00bbdefault\u00bb phone_text_alignment=\u00bbdefault\u00bb background_color_opacity=\u00bb1&#8243; background_hover_color_opacity=\u00bb1&#8243; column_backdrop_filter=\u00bbnone\u00bb column_shadow=\u00bbnone\u00bb column_border_radius=\u00bbnone\u00bb column_link_target=\u00bb_self\u00bb column_position=\u00bbdefault\u00bb gradient_direction=\u00bbleft_to_right\u00bb overlay_strength=\u00bb0.3&#8243; width=\u00bb1\/2&#8243; tablet_width_inherit=\u00bbdefault\u00bb animation_type=\u00bbdefault\u00bb bg_image_animation=\u00bbnone\u00bb border_type=\u00bbsimple\u00bb column_border_width=\u00bbnone\u00bb column_border_style=\u00bbsolid\u00bb column_padding_type=\u00bbdefault\u00bb gradient_type=\u00bbdefault\u00bb]<div class=\"nectar-fancy-ul\" data-list-icon=\"fa fa-chevron-right\" data-animation=\"false\" data-animation-delay=\"0\" data-color=\"accent-color\" data-spacing=\"default\" data-alignment=\"left\"> \n<ul>\n<li>Los moldes se prueban en nuestro centro tecnol\u00f3gico de \u00faltima generaci\u00f3n para garantizar que producen piezas de la m\u00e1xima calidad y cumplen los criterios del cliente y los objetivos de tiempo de ciclo.<\/li>\n<li>Las piezas se inspeccionan en nuestro laboratorio de Control de Calidad para comprobar las caracter\u00edsticas dimensionales especificadas.<\/li>\n<\/ul>\n <\/div>[\/vc_column][vc_column column_padding=\u00bbno-extra-padding\u00bb column_padding_tablet=\u00bbinherit\u00bb column_padding_phone=\u00bbinherit\u00bb column_padding_position=\u00bball\u00bb column_element_direction_desktop=\u00bbdefault\u00bb column_element_spacing=\u00bbdefault\u00bb desktop_text_alignment=\u00bbdefault\u00bb tablet_text_alignment=\u00bbdefault\u00bb phone_text_alignment=\u00bbdefault\u00bb background_color_opacity=\u00bb1&#8243; background_hover_color_opacity=\u00bb1&#8243; background_image=\u00bb2439&#8243; background_image_position=\u00bbcenter center\u00bb background_image_stacking=\u00bbdefault\u00bb enable_bg_scale=\u00bbtrue\u00bb background_image_loading=\u00bbdefault\u00bb column_backdrop_filter=\u00bbnone\u00bb column_shadow=\u00bbnone\u00bb column_border_radius=\u00bbnone\u00bb column_link_target=\u00bb_self\u00bb column_position=\u00bbdefault\u00bb gradient_direction=\u00bbleft_to_right\u00bb overlay_strength=\u00bb0.3&#8243; width=\u00bb1\/2&#8243; tablet_width_inherit=\u00bbdefault\u00bb animation_type=\u00bbdefault\u00bb bg_image_animation=\u00bbnone\u00bb border_type=\u00bbsimple\u00bb column_border_width=\u00bbnone\u00bb column_border_style=\u00bbsolid\u00bb column_padding_type=\u00bbdefault\u00bb gradient_type=\u00bbdefault\u00bb][divider line_type=\u00bbNo Line\u00bb custom_height=\u00bb300&#8243; custom_height_tablet=\u00bb450&#8243; custom_height_phone=\u00bb250&#8243;][\/vc_column][\/vc_row][vc_row type=\u00bbfull_width_background\u00bb full_screen_row_position=\u00bbmiddle\u00bb column_margin=\u00bb60px\u00bb equal_height=\u00bbyes\u00bb content_placement=\u00bbmiddle\u00bb column_direction=\u00bbdefault\u00bb column_direction_tablet=\u00bbcolumn_reverse\u00bb column_direction_phone=\u00bbcolumn_reverse\u00bb scene_position=\u00bbcenter\u00bb top_padding=\u00bb80&#8243; constrain_group_1=\u00bbyes\u00bb bottom_padding=\u00bb80&#8243; top_padding_tablet=\u00bb60&#8243; constrain_group_3=\u00bbyes\u00bb bottom_padding_tablet=\u00bb60&#8243; top_padding_phone=\u00bb50&#8243; constrain_group_5=\u00bbyes\u00bb bottom_padding_phone=\u00bb50&#8243; text_color=\u00bbdark\u00bb text_align=\u00bbleft\u00bb row_border_radius=\u00bbnone\u00bb row_border_radius_applies=\u00bbbg\u00bb overflow=\u00bbvisible\u00bb overlay_strength=\u00bb0.3&#8243; gradient_direction=\u00bbleft_to_right\u00bb shape_divider_position=\u00bbbottom\u00bb bg_image_animation=\u00bbnone\u00bb shape_type=\u00bb\u00bb gradient_type=\u00bbdefault\u00bb][vc_column column_padding=\u00bbno-extra-padding\u00bb column_padding_tablet=\u00bbinherit\u00bb column_padding_phone=\u00bbinherit\u00bb column_padding_position=\u00bball\u00bb column_element_direction_desktop=\u00bbdefault\u00bb column_element_spacing=\u00bbdefault\u00bb desktop_text_alignment=\u00bbdefault\u00bb tablet_text_alignment=\u00bbdefault\u00bb phone_text_alignment=\u00bbdefault\u00bb background_color_opacity=\u00bb1&#8243; background_hover_color_opacity=\u00bb1&#8243; background_image=\u00bb2440&#8243; background_image_position=\u00bbcenter bottom\u00bb background_image_stacking=\u00bbdefault\u00bb enable_bg_scale=\u00bbtrue\u00bb background_image_loading=\u00bbdefault\u00bb column_backdrop_filter=\u00bbnone\u00bb column_shadow=\u00bbnone\u00bb column_border_radius=\u00bbnone\u00bb column_link_target=\u00bb_self\u00bb column_position=\u00bbdefault\u00bb gradient_direction=\u00bbleft_to_right\u00bb overlay_strength=\u00bb0.3&#8243; width=\u00bb1\/3&#8243; tablet_width_inherit=\u00bbdefault\u00bb animation_type=\u00bbdefault\u00bb bg_image_animation=\u00bbnone\u00bb border_type=\u00bbsimple\u00bb column_border_width=\u00bbnone\u00bb column_border_style=\u00bbsolid\u00bb column_padding_type=\u00bbdefault\u00bb gradient_type=\u00bbdefault\u00bb][divider line_type=\u00bbNo Line\u00bb custom_height=\u00bb300&#8243; custom_height_tablet=\u00bb450&#8243; custom_height_phone=\u00bb250&#8243;][\/vc_column][vc_column column_padding=\u00bbno-extra-padding\u00bb column_padding_tablet=\u00bbinherit\u00bb column_padding_phone=\u00bbinherit\u00bb column_padding_position=\u00bbtop-bottom\u00bb column_element_direction_desktop=\u00bbdefault\u00bb column_element_spacing=\u00bbdefault\u00bb desktop_text_alignment=\u00bbdefault\u00bb tablet_text_alignment=\u00bbdefault\u00bb phone_text_alignment=\u00bbdefault\u00bb background_color_opacity=\u00bb1&#8243; background_hover_color_opacity=\u00bb1&#8243; column_backdrop_filter=\u00bbnone\u00bb column_shadow=\u00bbnone\u00bb column_border_radius=\u00bbnone\u00bb column_link_target=\u00bb_self\u00bb column_position=\u00bbdefault\u00bb gradient_direction=\u00bbleft_to_right\u00bb overlay_strength=\u00bb0.3&#8243; width=\u00bb2\/3&#8243; tablet_width_inherit=\u00bbdefault\u00bb animation_type=\u00bbdefault\u00bb bg_image_animation=\u00bbnone\u00bb border_type=\u00bbsimple\u00bb column_border_width=\u00bbnone\u00bb column_border_style=\u00bbsolid\u00bb column_padding_type=\u00bbdefault\u00bb gradient_type=\u00bbdefault\u00bb][vc_row_inner column_margin=\u00bbdefault\u00bb column_direction=\u00bbdefault\u00bb column_direction_tablet=\u00bbdefault\u00bb column_direction_phone=\u00bbdefault\u00bb text_align=\u00bbleft\u00bb row_position=\u00bbdefault\u00bb row_position_tablet=\u00bbinherit\u00bb row_position_phone=\u00bbinherit\u00bb overflow=\u00bbvisible\u00bb pointer_events=\u00bball\u00bb][vc_column_inner column_padding=\u00bbno-extra-padding\u00bb column_padding_tablet=\u00bbinherit\u00bb column_padding_phone=\u00bbinherit\u00bb column_padding_position=\u00bball\u00bb column_element_direction_desktop=\u00bbdefault\u00bb column_element_spacing=\u00bbdefault\u00bb desktop_text_alignment=\u00bbdefault\u00bb tablet_text_alignment=\u00bbdefault\u00bb phone_text_alignment=\u00bbdefault\u00bb background_color_opacity=\u00bb1&#8243; background_hover_color_opacity=\u00bb1&#8243; column_backdrop_filter=\u00bbnone\u00bb font_color=\u00bb#213b4c\u00bb column_shadow=\u00bbnone\u00bb column_border_radius=\u00bbnone\u00bb column_link_target=\u00bb_self\u00bb overflow=\u00bbvisible\u00bb gradient_direction=\u00bbleft_to_right\u00bb overlay_strength=\u00bb0.3&#8243; width=\u00bb1\/1&#8243; tablet_width_inherit=\u00bbdefault\u00bb animation_type=\u00bbdefault\u00bb bg_image_animation=\u00bbnone\u00bb border_type=\u00bbsimple\u00bb column_border_width=\u00bbnone\u00bb column_border_style=\u00bbsolid\u00bb column_padding_type=\u00bbdefault\u00bb gradient_type=\u00bbdefault\u00bb][vc_column_text text_direction=\u00bbdefault\u00bb]\n<h2>TG TECH<\/h2>\n[\/vc_column_text][\/vc_column_inner][\/vc_row_inner][vc_column_text text_direction=\u00bbdefault\u00bb]TG TECH es la sede de los departamentos de pruebas de TGM, as\u00ed como de nuestro avanzado centro t\u00e9cnico.<\/p>\n<p>Con 55.000 pies cuadrados (5.110 metros cuadrados) y situada a s\u00f3lo 1,5 km de nuestras instalaciones principales, TG TECH permite a TGM ofrecer los siguientes nuevos servicios a sus clientes:[\/vc_column_text]<div class=\"nectar-fancy-ul\" data-list-icon=\"fa fa-chevron-right\" data-animation=\"false\" data-animation-delay=\"0\" data-color=\"accent-color\" data-spacing=\"default\" data-alignment=\"left\"> \n<ul>\n<li>Mayor capacidad de pruebas de moho<\/li>\n<li>Integraci\u00f3n de Sistemas para M\u00e1quinas \/ Moldes \/ Automatizaci\u00f3n<\/li>\n<li>Investigaci\u00f3n y desarrollo de nuevas tecnolog\u00edas de moldes<\/li>\n<li>Producci\u00f3n de lotes peque\u00f1os para prototipos y lanzamiento de productos<\/li>\n<li>Apoyar las necesidades de producci\u00f3n a corto plazo de los clientes<\/li>\n<li>9 m\u00e1quinas de moldeo por inyecci\u00f3n dispuestas de 160 a 1.000 toneladas<\/li>\n<\/ul>\n <\/div>[\/vc_column][\/vc_row]\n","protected":false},"excerpt":{"rendered":"<p>[vc_row type=\u00bbfull_width_content\u00bb full_screen_row_position=\u00bbmiddle\u00bb column_margin=\u00bb30px\u00bb column_direction=\u00bbdefault\u00bb column_direction_tablet=\u00bbdefault\u00bb column_direction_phone=\u00bbdefault\u00bb bg_color=\u00bb#213b4c\u00bb scene_position=\u00bbcenter\u00bb top_padding=\u00bb60&#8243; constrain_group_1=\u00bbyes\u00bb bottom_padding=\u00bb60&#8243; text_color=\u00bbdark\u00bb text_align=\u00bbleft\u00bb row_border_radius=\u00bbnone\u00bb row_border_radius_applies=\u00bbbg\u00bb overflow=\u00bbvisible\u00bb overlay_strength=\u00bb0.3&#8243; gradient_direction=\u00bbleft_to_right\u00bb shape_divider_position=\u00bbbottom\u00bb bg_image_animation=\u00bbnone\u00bb gradient_type=\u00bbdefault\u00bb shape_type=\u00bb\u00bb][vc_column column_padding=\u00bbno-extra-padding\u00bb column_padding_tablet=\u00bbinherit\u00bb&#8230;<\/p>\n","protected":false},"author":2,"featured_media":3429,"parent":3687,"menu_order":24,"comment_status":"closed","ping_status":"closed","template":"","meta":{"_monsterinsights_skip_tracking":false,"_monsterinsights_sitenote_active":false,"_monsterinsights_sitenote_note":"","_monsterinsights_sitenote_category":0,"footnotes":""},"class_list":["post-3677","page","type-page","status-publish","has-post-thumbnail"],"yoast_head":"<!-- This site is optimized with the Yoast SEO plugin v23.4 - https:\/\/yoast.com\/wordpress\/plugins\/seo\/ -->\n<title>Pruebas de moldes - Moldes de primera calidad<\/title>\n<meta name=\"description\" content=\"Top Grade Molds proporciona servicios completos de pruebas de moldes e integraci\u00f3n de sistemas, garantizando la precisi\u00f3n y calidad de cada molde de inyecci\u00f3n.\" \/>\n<meta name=\"robots\" content=\"index, follow, max-snippet:-1, max-image-preview:large, max-video-preview:-1\" \/>\n<link rel=\"canonical\" href=\"https:\/\/topgrademolds.com\/es\/servicios\/pruebas-de-moho\/\" \/>\n<meta property=\"og:locale\" content=\"es_ES\" \/>\n<meta property=\"og:type\" content=\"article\" \/>\n<meta property=\"og:title\" content=\"Pruebas de moldes - Moldes de primera calidad\" \/>\n<meta property=\"og:description\" content=\"Top Grade Molds proporciona servicios completos de pruebas de moldes e integraci\u00f3n de sistemas, garantizando la precisi\u00f3n y calidad de cada molde de inyecci\u00f3n.\" \/>\n<meta property=\"og:url\" content=\"https:\/\/topgrademolds.com\/es\/servicios\/pruebas-de-moho\/\" \/>\n<meta property=\"og:site_name\" content=\"Top Grade Molds\" \/>\n<meta property=\"article:publisher\" content=\"https:\/\/www.facebook.com\/TopGradeMolds\/\" \/>\n<meta property=\"article:modified_time\" content=\"2024-08-21T18:33:37+00:00\" \/>\n<meta property=\"og:image\" content=\"https:\/\/topgrademolds.com\/wp-content\/uploads\/2024\/05\/Mold-Testing-and-System-Integration-Banner.webp\" \/>\n\t<meta property=\"og:image:width\" content=\"960\" \/>\n\t<meta property=\"og:image:height\" content=\"600\" \/>\n\t<meta property=\"og:image:type\" content=\"image\/webp\" \/>\n<meta name=\"twitter:card\" content=\"summary_large_image\" \/>\n<meta name=\"twitter:label1\" content=\"Tiempo de lectura\" \/>\n\t<meta name=\"twitter:data1\" content=\"6 minutos\" \/>\n<script type=\"application\/ld+json\" class=\"yoast-schema-graph\">{\"@context\":\"https:\/\/schema.org\",\"@graph\":[{\"@type\":\"WebPage\",\"@id\":\"https:\/\/topgrademolds.com\/es\/servicios\/pruebas-de-moho\/\",\"url\":\"https:\/\/topgrademolds.com\/es\/servicios\/pruebas-de-moho\/\",\"name\":\"Pruebas de moldes - Moldes de primera calidad\",\"isPartOf\":{\"@id\":\"https:\/\/topgrademolds.com\/es\/#website\"},\"primaryImageOfPage\":{\"@id\":\"https:\/\/topgrademolds.com\/es\/servicios\/pruebas-de-moho\/#primaryimage\"},\"image\":{\"@id\":\"https:\/\/topgrademolds.com\/es\/servicios\/pruebas-de-moho\/#primaryimage\"},\"thumbnailUrl\":\"https:\/\/topgrademolds.com\/wp-content\/uploads\/2024\/05\/Mold-Testing-and-System-Integration-Banner.webp\",\"datePublished\":\"2019-12-16T12:49:12+00:00\",\"dateModified\":\"2024-08-21T18:33:37+00:00\",\"description\":\"Top Grade Molds proporciona servicios completos de pruebas de moldes e integraci\u00f3n de sistemas, garantizando la precisi\u00f3n y calidad de cada molde de inyecci\u00f3n.\",\"breadcrumb\":{\"@id\":\"https:\/\/topgrademolds.com\/es\/servicios\/pruebas-de-moho\/#breadcrumb\"},\"inLanguage\":\"es\",\"potentialAction\":[{\"@type\":\"ReadAction\",\"target\":[\"https:\/\/topgrademolds.com\/es\/servicios\/pruebas-de-moho\/\"]}]},{\"@type\":\"ImageObject\",\"inLanguage\":\"es\",\"@id\":\"https:\/\/topgrademolds.com\/es\/servicios\/pruebas-de-moho\/#primaryimage\",\"url\":\"https:\/\/topgrademolds.com\/wp-content\/uploads\/2024\/05\/Mold-Testing-and-System-Integration-Banner.webp\",\"contentUrl\":\"https:\/\/topgrademolds.com\/wp-content\/uploads\/2024\/05\/Mold-Testing-and-System-Integration-Banner.webp\",\"width\":960,\"height\":600,\"caption\":\"Banner image for Mold Testing and System Integration services at Top Grade Molds\"},{\"@type\":\"BreadcrumbList\",\"@id\":\"https:\/\/topgrademolds.com\/es\/servicios\/pruebas-de-moho\/#breadcrumb\",\"itemListElement\":[{\"@type\":\"ListItem\",\"position\":1,\"name\":\"Home\",\"item\":\"https:\/\/topgrademolds.com\/es\/\"},{\"@type\":\"ListItem\",\"position\":2,\"name\":\"Pruebas de moho\"}]},{\"@type\":\"WebSite\",\"@id\":\"https:\/\/topgrademolds.com\/es\/#website\",\"url\":\"https:\/\/topgrademolds.com\/es\/\",\"name\":\"Top Grade Molds\",\"description\":\"Innovative solutions - manufactured to last\",\"publisher\":{\"@id\":\"https:\/\/topgrademolds.com\/es\/#organization\"},\"potentialAction\":[{\"@type\":\"SearchAction\",\"target\":{\"@type\":\"EntryPoint\",\"urlTemplate\":\"https:\/\/topgrademolds.com\/es\/?s={search_term_string}\"},\"query-input\":{\"@type\":\"PropertyValueSpecification\",\"valueRequired\":true,\"valueName\":\"search_term_string\"}}],\"inLanguage\":\"es\"},{\"@type\":\"Organization\",\"@id\":\"https:\/\/topgrademolds.com\/es\/#organization\",\"name\":\"Top Grade Molds\",\"url\":\"https:\/\/topgrademolds.com\/es\/\",\"logo\":{\"@type\":\"ImageObject\",\"inLanguage\":\"es\",\"@id\":\"https:\/\/topgrademolds.com\/es\/#\/schema\/logo\/image\/\",\"url\":\"https:\/\/topgrademolds.com\/wp-content\/uploads\/2024\/05\/TG-Logo.webp\",\"contentUrl\":\"https:\/\/topgrademolds.com\/wp-content\/uploads\/2024\/05\/TG-Logo.webp\",\"width\":672,\"height\":208,\"caption\":\"Top Grade Molds\"},\"image\":{\"@id\":\"https:\/\/topgrademolds.com\/es\/#\/schema\/logo\/image\/\"},\"sameAs\":[\"https:\/\/www.facebook.com\/TopGradeMolds\/\",\"https:\/\/www.linkedin.com\/company\/top-grade-molds-ltd-\/\",\"https:\/\/www.youtube.com\/@TopGradeMolds\"]}]}<\/script>\n<!-- \/ Yoast SEO plugin. -->","yoast_head_json":{"title":"Pruebas de moldes - Moldes de primera calidad","description":"Top Grade Molds proporciona servicios completos de pruebas de moldes e integraci\u00f3n de sistemas, garantizando la precisi\u00f3n y calidad de cada molde de inyecci\u00f3n.","robots":{"index":"index","follow":"follow","max-snippet":"max-snippet:-1","max-image-preview":"max-image-preview:large","max-video-preview":"max-video-preview:-1"},"canonical":"https:\/\/topgrademolds.com\/es\/servicios\/pruebas-de-moho\/","og_locale":"es_ES","og_type":"article","og_title":"Pruebas de moldes - Moldes de primera calidad","og_description":"Top Grade Molds proporciona servicios completos de pruebas de moldes e integraci\u00f3n de sistemas, garantizando la precisi\u00f3n y calidad de cada molde de inyecci\u00f3n.","og_url":"https:\/\/topgrademolds.com\/es\/servicios\/pruebas-de-moho\/","og_site_name":"Top Grade Molds","article_publisher":"https:\/\/www.facebook.com\/TopGradeMolds\/","article_modified_time":"2024-08-21T18:33:37+00:00","og_image":[{"width":960,"height":600,"url":"https:\/\/topgrademolds.com\/wp-content\/uploads\/2024\/05\/Mold-Testing-and-System-Integration-Banner.webp","type":"image\/webp"}],"twitter_card":"summary_large_image","twitter_misc":{"Tiempo de lectura":"6 minutos"},"schema":{"@context":"https:\/\/schema.org","@graph":[{"@type":"WebPage","@id":"https:\/\/topgrademolds.com\/es\/servicios\/pruebas-de-moho\/","url":"https:\/\/topgrademolds.com\/es\/servicios\/pruebas-de-moho\/","name":"Pruebas de moldes - Moldes de primera calidad","isPartOf":{"@id":"https:\/\/topgrademolds.com\/es\/#website"},"primaryImageOfPage":{"@id":"https:\/\/topgrademolds.com\/es\/servicios\/pruebas-de-moho\/#primaryimage"},"image":{"@id":"https:\/\/topgrademolds.com\/es\/servicios\/pruebas-de-moho\/#primaryimage"},"thumbnailUrl":"https:\/\/topgrademolds.com\/wp-content\/uploads\/2024\/05\/Mold-Testing-and-System-Integration-Banner.webp","datePublished":"2019-12-16T12:49:12+00:00","dateModified":"2024-08-21T18:33:37+00:00","description":"Top Grade Molds proporciona servicios completos de pruebas de moldes e integraci\u00f3n de sistemas, garantizando la precisi\u00f3n y calidad de cada molde de inyecci\u00f3n.","breadcrumb":{"@id":"https:\/\/topgrademolds.com\/es\/servicios\/pruebas-de-moho\/#breadcrumb"},"inLanguage":"es","potentialAction":[{"@type":"ReadAction","target":["https:\/\/topgrademolds.com\/es\/servicios\/pruebas-de-moho\/"]}]},{"@type":"ImageObject","inLanguage":"es","@id":"https:\/\/topgrademolds.com\/es\/servicios\/pruebas-de-moho\/#primaryimage","url":"https:\/\/topgrademolds.com\/wp-content\/uploads\/2024\/05\/Mold-Testing-and-System-Integration-Banner.webp","contentUrl":"https:\/\/topgrademolds.com\/wp-content\/uploads\/2024\/05\/Mold-Testing-and-System-Integration-Banner.webp","width":960,"height":600,"caption":"Banner image for Mold Testing and System Integration services at Top Grade Molds"},{"@type":"BreadcrumbList","@id":"https:\/\/topgrademolds.com\/es\/servicios\/pruebas-de-moho\/#breadcrumb","itemListElement":[{"@type":"ListItem","position":1,"name":"Home","item":"https:\/\/topgrademolds.com\/es\/"},{"@type":"ListItem","position":2,"name":"Pruebas de moho"}]},{"@type":"WebSite","@id":"https:\/\/topgrademolds.com\/es\/#website","url":"https:\/\/topgrademolds.com\/es\/","name":"Top Grade Molds","description":"Innovative solutions - manufactured to last","publisher":{"@id":"https:\/\/topgrademolds.com\/es\/#organization"},"potentialAction":[{"@type":"SearchAction","target":{"@type":"EntryPoint","urlTemplate":"https:\/\/topgrademolds.com\/es\/?s={search_term_string}"},"query-input":{"@type":"PropertyValueSpecification","valueRequired":true,"valueName":"search_term_string"}}],"inLanguage":"es"},{"@type":"Organization","@id":"https:\/\/topgrademolds.com\/es\/#organization","name":"Top Grade Molds","url":"https:\/\/topgrademolds.com\/es\/","logo":{"@type":"ImageObject","inLanguage":"es","@id":"https:\/\/topgrademolds.com\/es\/#\/schema\/logo\/image\/","url":"https:\/\/topgrademolds.com\/wp-content\/uploads\/2024\/05\/TG-Logo.webp","contentUrl":"https:\/\/topgrademolds.com\/wp-content\/uploads\/2024\/05\/TG-Logo.webp","width":672,"height":208,"caption":"Top Grade Molds"},"image":{"@id":"https:\/\/topgrademolds.com\/es\/#\/schema\/logo\/image\/"},"sameAs":["https:\/\/www.facebook.com\/TopGradeMolds\/","https:\/\/www.linkedin.com\/company\/top-grade-molds-ltd-\/","https:\/\/www.youtube.com\/@TopGradeMolds"]}]}},"_links":{"self":[{"href":"https:\/\/topgrademolds.com\/es\/wp-json\/wp\/v2\/pages\/3677"}],"collection":[{"href":"https:\/\/topgrademolds.com\/es\/wp-json\/wp\/v2\/pages"}],"about":[{"href":"https:\/\/topgrademolds.com\/es\/wp-json\/wp\/v2\/types\/page"}],"author":[{"embeddable":true,"href":"https:\/\/topgrademolds.com\/es\/wp-json\/wp\/v2\/users\/2"}],"replies":[{"embeddable":true,"href":"https:\/\/topgrademolds.com\/es\/wp-json\/wp\/v2\/comments?post=3677"}],"version-history":[{"count":2,"href":"https:\/\/topgrademolds.com\/es\/wp-json\/wp\/v2\/pages\/3677\/revisions"}],"predecessor-version":[{"id":3681,"href":"https:\/\/topgrademolds.com\/es\/wp-json\/wp\/v2\/pages\/3677\/revisions\/3681"}],"up":[{"embeddable":true,"href":"https:\/\/topgrademolds.com\/es\/wp-json\/wp\/v2\/pages\/3687"}],"wp:featuredmedia":[{"embeddable":true,"href":"https:\/\/topgrademolds.com\/es\/wp-json\/wp\/v2\/media\/3429"}],"wp:attachment":[{"href":"https:\/\/topgrademolds.com\/es\/wp-json\/wp\/v2\/media?parent=3677"}],"curies":[{"name":"wp","href":"https:\/\/api.w.org\/{rel}","templated":true}]}}